{"id":106,"date":"2023-10-22T06:02:41","date_gmt":"2023-10-22T11:02:41","guid":{"rendered":"https:\/\/origensciencerco.com\/?page_id=106"},"modified":"2025-09-22T13:00:30","modified_gmt":"2025-09-22T18:00:30","slug":"nosotros","status":"publish","type":"page","link":"https:\/\/origensciencerco.com\/en\/nosotros\/","title":{"rendered":"About us"},"content":{"rendered":"<div data-elementor-type=\"wp-page\" data-elementor-id=\"106\" class=\"elementor elementor-106\" data-elementor-post-type=\"page\">\n\t\t\t\t\t\t<section class=\"elementor-section elementor-top-section elementor-element elementor-element-7fd81a3 elementor-section-full_width elementor-section-height-default elementor-section-height-default\" data-id=\"7fd81a3\" data-element_type=\"section\" data-e-type=\"section\">\n\t\t\t\t\t\t<div class=\"elementor-container elementor-column-gap-default\">\n\t\t\t\t\t<div class=\"elementor-column elementor-col-100 elementor-top-column elementor-element elementor-element-d90fd11\" data-id=\"d90fd11\" data-element_type=\"column\" data-e-type=\"column\">\n\t\t\t<div class=\"elementor-widget-wrap elementor-element-populated\">\n\t\t\t\t\t\t<div class=\"elementor-element elementor-element-ee1214c elementor-widget elementor-widget-video\" data-id=\"ee1214c\" data-element_type=\"widget\" data-e-type=\"widget\" data-settings=\"{&quot;video_type&quot;:&quot;hosted&quot;,&quot;autoplay&quot;:&quot;yes&quot;,&quot;mute&quot;:&quot;yes&quot;,&quot;loop&quot;:&quot;yes&quot;,&quot;controls&quot;:&quot;yes&quot;}\" data-widget_type=\"video.default\">\n\t\t\t\t<div class=\"elementor-widget-container\">\n\t\t\t\t\t\t\t<div class=\"e-hosted-video elementor-wrapper elementor-open-inline\">\n\t\t\t\t\t<video class=\"elementor-video\" src=\"https:\/\/origensciencerco.com\/wp-content\/uploads\/2023\/10\/import_60e9313090cf28.810137042.mp4\" autoplay=\"\" loop=\"\" controls=\"\" muted=\"muted\" controlslist=\"nodownload\"><\/video>\n\t\t\t\t<\/div>\n\t\t\t\t\t\t<\/div>\n\t\t\t\t<\/div>\n\t\t\t\t\t<\/div>\n\t\t<\/div>\n\t\t\t\t\t<\/div>\n\t\t<\/section>\n\t\t\t\t<section class=\"elementor-section elementor-top-section elementor-element elementor-element-fd1354e elementor-section-boxed elementor-section-height-default elementor-section-height-default\" data-id=\"fd1354e\" data-element_type=\"section\" data-e-type=\"section\">\n\t\t\t\t\t\t<div class=\"elementor-container elementor-column-gap-default\">\n\t\t\t\t\t<div class=\"elementor-column elementor-col-100 elementor-top-column elementor-element elementor-element-0765579\" data-id=\"0765579\" data-element_type=\"column\" data-e-type=\"column\">\n\t\t\t<div class=\"elementor-widget-wrap elementor-element-populated\">\n\t\t\t\t\t\t<div class=\"elementor-element elementor-element-e4161bf elementor-widget elementor-widget-heading\" data-id=\"e4161bf\" data-element_type=\"widget\" data-e-type=\"widget\" data-widget_type=\"heading.default\">\n\t\t\t\t<div class=\"elementor-widget-container\">\n\t\t\t\t\t<h2 class=\"elementor-heading-title elementor-size-default\">About us<\/h2>\t\t\t\t<\/div>\n\t\t\t\t<\/div>\n\t\t\t\t<div class=\"elementor-element elementor-element-6af6ce3 elementor-widget elementor-widget-text-editor\" data-id=\"6af6ce3\" data-element_type=\"widget\" data-e-type=\"widget\" data-widget_type=\"text-editor.default\">\n\t\t\t\t<div class=\"elementor-widget-container\">\n\t\t\t\t\t\t\t\t\t<p>We are a consulting company focused on providing services not only in clinical research but in other areas, through strategic alliances that allow us to offer structured and quality processes to our clients, starting from protocol writing of any type of epidemiological design, to early- and late-phase trials execution required for the application and marketing of medical devices, biologics, chemically synthesized medicines, and over-the-counter (OTC) products. Our team of professionals has a broad experience in ethical research, and is driven to provide support in regulatory matters, in activities related to clinical laboratory management, pharmaceutical services, the management of data and results, and in all issues related to and inherent to the development of clinical research.<br \/>Nuestra organizaci\u00f3n cuenta con un equipo multidisciplinario con experticia en el campo cient\u00edfico y cl\u00ednico, tambi\u00e9n en el \u00e1rea financiera y administrativa de los estudios cl\u00ednicos, al igual que en el desarrollo de nuevas l\u00edneas y de innovaci\u00f3n desde un pensamiento estrat\u00e9gico y los relacionados con la investigaci\u00f3n cl\u00ednica, lo que nos permite gestionar, administrar y realizar el acompa\u00f1amiento cient\u00edfico y t\u00e9cnico necesario para la validaci\u00f3n de proyectos, la selecci\u00f3n de centros de investigaci\u00f3n, el tr\u00e1mite de asuntos regulatorios, el monitoreo cl\u00ednico y de seguridad de los estudios, el manejo y an\u00e1lisis de los datos, y la escritura y sometimiento a publicaci\u00f3n de art\u00edculos en revistas cient\u00edficas indexadas, la investigaci\u00f3n de mercados y dem\u00e1s actividades relacionadas que redundan en el bienestar de nuestros pacientes y comunidades.<br \/>Al ser una empresa de consultor\u00eda y soluciones integrales nuestros servicios se ajustan a las necesidades de los patrocinadores, organizaciones de investigaci\u00f3n por contrato (CROs), investigadores, y entidades de diversos sectores, identificando a su vez socios potenciales y fuentes de financiaci\u00f3n, para fortalecer los procesos requeridos por nuestros clientes en cualquiera de las etapas del proceso de investigaci\u00f3n, desde el desarrollo de nuevos productos a trav\u00e9s de la obtenci\u00f3n de resultados confiables y verificables derivados de procesos metodol\u00f3gicos rigurosos de investigaci\u00f3n, hasta la asesor\u00eda para la implementaci\u00f3n de estrategias de mercadeo y comercializaci\u00f3n.<br \/>We are a firm focused on providing services for clinical research through consulting and the approach of comprehensive solutions, which originate from the knowledge and research experience of a multidisciplinary team with expertise in the technical-scientific and administrative-financial field. We respond to the diverse needs of clients in this field, accompanying them from the strategic direction to the operational management of all processes related to the research process of medicines or medical devices, in order to obtain reliable, precise and verifiable results that respond unresolved questions in clinical practice, after the application of rigorous methodological processes, that impact the well-being of our patients and communities.<\/p>\t\t\t\t\t\t\t\t<\/div>\n\t\t\t\t<\/div>\n\t\t\t\t<div class=\"elementor-element elementor-element-7e89462 elementor-widget elementor-widget-heading\" data-id=\"7e89462\" data-element_type=\"widget\" data-e-type=\"widget\" data-widget_type=\"heading.default\">\n\t\t\t\t<div class=\"elementor-widget-container\">\n\t\t\t\t\t<h2 class=\"elementor-heading-title elementor-size-default\">Clinical research specialists<\/h2>\t\t\t\t<\/div>\n\t\t\t\t<\/div>\n\t\t\t\t<div class=\"elementor-element elementor-element-6ad1809 elementor-widget elementor-widget-text-editor\" data-id=\"6ad1809\" data-element_type=\"widget\" data-e-type=\"widget\" data-widget_type=\"text-editor.default\">\n\t\t\t\t<div class=\"elementor-widget-container\">\n\t\t\t\t\t\t\t\t\t<p>We specialize in providing knowledge, experience and solutions for the development and administration of all aspects inherent to the management of clinical research processes, supported by a strategic platform based on planning, implementation, monitoring, and analysis and results presentation.<\/p>\t\t\t\t\t\t\t\t<\/div>\n\t\t\t\t<\/div>\n\t\t\t\t<div class=\"elementor-element elementor-element-f71a549 elementor-widget elementor-widget-heading\" data-id=\"f71a549\" data-element_type=\"widget\" data-e-type=\"widget\" data-widget_type=\"heading.default\">\n\t\t\t\t<div class=\"elementor-widget-container\">\n\t\t\t\t\t<h2 class=\"elementor-heading-title elementor-size-default\">We are oriented to<\/h2>\t\t\t\t<\/div>\n\t\t\t\t<\/div>\n\t\t\t\t<div class=\"elementor-element elementor-element-f305d8c elementor-widget elementor-widget-text-editor\" data-id=\"f305d8c\" data-element_type=\"widget\" data-e-type=\"widget\" data-widget_type=\"text-editor.default\">\n\t\t\t\t<div class=\"elementor-widget-container\">\n\t\t\t\t\t\t\t\t\t<p>Provide opportunities for growth and strengthening within client\u00b4s organizations by optimizing clinical research processes with advice and support aimed at achieving their research goals.<\/p>\t\t\t\t\t\t\t\t<\/div>\n\t\t\t\t<\/div>\n\t\t\t\t\t<\/div>\n\t\t<\/div>\n\t\t\t\t\t<\/div>\n\t\t<\/section>\n\t\t\t\t<\/div>","protected":false},"excerpt":{"rendered":"<p>https:\/\/origensciencerco.com\/wp-content\/uploads\/2023\/10\/import_60e9313090cf28.810137042.mp4 \u00bfQui\u00e9nes somos? Somos una empresa de consultor\u00eda enfocada en proveer servicios no solo en investigaci\u00f3n cl\u00ednica sino en otras \u00e1reas, a trav\u00e9s de alianzas estrat\u00e9gicas que nos permiten ofrecer procesos estructurados y de calidad a nuestros clientes desde la escritura de protocolos, proyectos o estudios de cualquier tipo de dise\u00f1o epidemiol\u00f3gico, hasta su ejecuci\u00f3n [&hellip;]<\/p>\n","protected":false},"author":1,"featured_media":0,"parent":0,"menu_order":0,"comment_status":"closed","ping_status":"closed","template":"elementor_theme","meta":{"om_disable_all_campaigns":false,"footnotes":""},"class_list":["post-106","page","type-page","status-publish","hentry"],"aioseo_notices":[],"_links":{"self":[{"href":"https:\/\/origensciencerco.com\/en\/wp-json\/wp\/v2\/pages\/106","targetHints":{"allow":["GET"]}}],"collection":[{"href":"https:\/\/origensciencerco.com\/en\/wp-json\/wp\/v2\/pages"}],"about":[{"href":"https:\/\/origensciencerco.com\/en\/wp-json\/wp\/v2\/types\/page"}],"author":[{"embeddable":true,"href":"https:\/\/origensciencerco.com\/en\/wp-json\/wp\/v2\/users\/1"}],"replies":[{"embeddable":true,"href":"https:\/\/origensciencerco.com\/en\/wp-json\/wp\/v2\/comments?post=106"}],"version-history":[{"count":19,"href":"https:\/\/origensciencerco.com\/en\/wp-json\/wp\/v2\/pages\/106\/revisions"}],"predecessor-version":[{"id":853,"href":"https:\/\/origensciencerco.com\/en\/wp-json\/wp\/v2\/pages\/106\/revisions\/853"}],"wp:attachment":[{"href":"https:\/\/origensciencerco.com\/en\/wp-json\/wp\/v2\/media?parent=106"}],"curies":[{"name":"wp","href":"https:\/\/api.w.org\/{rel}","templated":true}]}}