{"id":112,"date":"2023-10-22T06:04:33","date_gmt":"2023-10-22T11:04:33","guid":{"rendered":"https:\/\/origensciencerco.com\/?page_id=112"},"modified":"2025-05-09T10:11:43","modified_gmt":"2025-05-09T15:11:43","slug":"blog","status":"publish","type":"page","link":"https:\/\/origensciencerco.com\/en\/blog\/","title":{"rendered":"Blog"},"content":{"rendered":"<div data-elementor-type=\"wp-page\" data-elementor-id=\"112\" class=\"elementor elementor-112\" data-elementor-post-type=\"page\">\n\t\t\t\t\t\t<section class=\"elementor-section elementor-top-section elementor-element elementor-element-64e0183e elementor-section-boxed elementor-section-height-default elementor-section-height-default\" data-id=\"64e0183e\" data-element_type=\"section\" data-e-type=\"section\" data-settings=\"{&quot;background_background&quot;:&quot;classic&quot;}\">\n\t\t\t\t\t\t\t<div class=\"elementor-background-overlay\"><\/div>\n\t\t\t\t\t\t\t<div class=\"elementor-container elementor-column-gap-default\">\n\t\t\t\t\t<div class=\"elementor-column elementor-col-100 elementor-top-column elementor-element elementor-element-7000c353\" data-id=\"7000c353\" data-element_type=\"column\" data-e-type=\"column\">\n\t\t\t<div class=\"elementor-widget-wrap elementor-element-populated\">\n\t\t\t\t\t\t<div class=\"elementor-element elementor-element-23ef4be2 elementor-widget elementor-widget-heading\" data-id=\"23ef4be2\" data-element_type=\"widget\" data-e-type=\"widget\" data-widget_type=\"heading.default\">\n\t\t\t\t<div class=\"elementor-widget-container\">\n\t\t\t\t\t<h2 class=\"elementor-heading-title elementor-size-default\">Blog<\/h2>\t\t\t\t<\/div>\n\t\t\t\t<\/div>\n\t\t\t\t\t<\/div>\n\t\t<\/div>\n\t\t\t\t\t<\/div>\n\t\t<\/section>\n\t\t\t\t<section class=\"elementor-section elementor-top-section elementor-element elementor-element-f2c6588 elementor-section-boxed elementor-section-height-default elementor-section-height-default\" data-id=\"f2c6588\" data-element_type=\"section\" data-e-type=\"section\">\n\t\t\t\t\t\t<div class=\"elementor-container elementor-column-gap-default\">\n\t\t\t\t\t<div class=\"elementor-column elementor-col-100 elementor-top-column elementor-element elementor-element-8545511\" data-id=\"8545511\" data-element_type=\"column\" data-e-type=\"column\">\n\t\t\t<div class=\"elementor-widget-wrap elementor-element-populated\">\n\t\t\t\t\t\t<div class=\"elementor-element elementor-element-f753365 elementor-posts--align-center elementor-grid-4 elementor-grid-tablet-2 elementor-grid-mobile-1 elementor-posts--thumbnail-top elementor-card-shadow-yes elementor-posts__hover-gradient elementor-widget elementor-widget-posts\" data-id=\"f753365\" data-element_type=\"widget\" data-e-type=\"widget\" data-settings=\"{&quot;cards_row_gap&quot;:{&quot;unit&quot;:&quot;px&quot;,&quot;size&quot;:40,&quot;sizes&quot;:[]},&quot;pagination_type&quot;:&quot;numbers&quot;,&quot;cards_columns&quot;:&quot;4&quot;,&quot;cards_columns_tablet&quot;:&quot;2&quot;,&quot;cards_columns_mobile&quot;:&quot;1&quot;,&quot;cards_row_gap_widescreen&quot;:{&quot;unit&quot;:&quot;px&quot;,&quot;size&quot;:&quot;&quot;,&quot;sizes&quot;:[]},&quot;cards_row_gap_laptop&quot;:{&quot;unit&quot;:&quot;px&quot;,&quot;size&quot;:&quot;&quot;,&quot;sizes&quot;:[]},&quot;cards_row_gap_tablet&quot;:{&quot;unit&quot;:&quot;px&quot;,&quot;size&quot;:&quot;&quot;,&quot;sizes&quot;:[]},&quot;cards_row_gap_mobile&quot;:{&quot;unit&quot;:&quot;px&quot;,&quot;size&quot;:&quot;&quot;,&quot;sizes&quot;:[]}}\" data-widget_type=\"posts.cards\">\n\t\t\t\t<div class=\"elementor-widget-container\">\n\t\t\t\t\t\t\t<div class=\"elementor-posts-container elementor-posts elementor-posts--skin-cards elementor-grid\" role=\"list\">\n\t\t\t\t<article class=\"elementor-post elementor-grid-item post-923 post type-post status-publish format-standard has-post-thumbnail hentry category-blog tag-laboratorio tag-origen-science tag-proyectos-cientificos tag-respaldo-tecnico tag-soluciones-cientificas tag-soporte-tecnico-cientifico\" role=\"listitem\">\n\t\t\t<div class=\"elementor-post__card\">\n\t\t\t\t<a class=\"elementor-post__thumbnail__link\" href=\"https:\/\/origensciencerco.com\/en\/ensayos-clinicos-y-estudios-observacionales-como-origen-science-facilita-cada-etapa-del-proceso-3\/\" tabindex=\"-1\" target=\"_blank\"><div class=\"elementor-post__thumbnail\"><img fetchpriority=\"high\" decoding=\"async\" width=\"600\" height=\"400\" src=\"https:\/\/origensciencerco.com\/wp-content\/uploads\/2026\/02\/ChatGPT-Image-18-feb-2026-10_50_35-600x400.png\" class=\"attachment-medium size-medium wp-image-929\" alt=\"\" srcset=\"https:\/\/origensciencerco.com\/wp-content\/uploads\/2026\/02\/ChatGPT-Image-18-feb-2026-10_50_35-600x400.png 600w, https:\/\/origensciencerco.com\/wp-content\/uploads\/2026\/02\/ChatGPT-Image-18-feb-2026-10_50_35-1024x683.png 1024w, https:\/\/origensciencerco.com\/wp-content\/uploads\/2026\/02\/ChatGPT-Image-18-feb-2026-10_50_35-768x512.png 768w, https:\/\/origensciencerco.com\/wp-content\/uploads\/2026\/02\/ChatGPT-Image-18-feb-2026-10_50_35-18x12.png 18w, https:\/\/origensciencerco.com\/wp-content\/uploads\/2026\/02\/ChatGPT-Image-18-feb-2026-10_50_35.png 1536w\" sizes=\"(max-width: 600px) 100vw, 600px\" \/><\/div><\/a>\n\t\t\t\t<div class=\"elementor-post__badge\">Blog<\/div>\n\t\t\t\t<div class=\"elementor-post__text\">\n\t\t\t\t<h3 class=\"elementor-post__title\">\n\t\t\t<a href=\"https:\/\/origensciencerco.com\/en\/ensayos-clinicos-y-estudios-observacionales-como-origen-science-facilita-cada-etapa-del-proceso-3\/\" target=\"&quot;_blank&quot;\">\n\t\t\t\tSoporte t\u00e9cnico en proyectos cient\u00edficos: un factor clave para resultados confiables\t\t\t<\/a>\n\t\t<\/h3>\n\t\t\n\t\t<a class=\"elementor-post__read-more\" href=\"https:\/\/origensciencerco.com\/en\/ensayos-clinicos-y-estudios-observacionales-como-origen-science-facilita-cada-etapa-del-proceso-3\/\" aria-label=\"Read more about Soporte t\u00e9cnico en proyectos cient\u00edficos: un factor clave para resultados confiables\" tabindex=\"-1\" target=\"_blank\">\n\t\t\tVer m\u00e1s \u00bb\t\t<\/a>\n\n\t\t\t\t<\/div>\n\t\t\t\t<div class=\"elementor-post__meta-data\">\n\t\t\t\t\t<span class=\"elementor-post-date\">\n\t\t\tFebruary 26, 2026\t\t<\/span>\n\t\t\t\t<span class=\"elementor-post-avatar\">\n\t\t\tNo Comments\t\t<\/span>\n\t\t\t\t<\/div>\n\t\t\t\t\t<\/div>\n\t\t<\/article>\n\t\t\t\t<article class=\"elementor-post elementor-grid-item post-914 post type-post status-publish format-standard has-post-thumbnail hentry category-blog tag-acompanamiento-cientifico tag-origen-science tag-proveedor-cientifico tag-respaldo-tecnico tag-soluciones-cientificas tag-soporte-tecnico-cientifico\" role=\"listitem\">\n\t\t\t<div class=\"elementor-post__card\">\n\t\t\t\t<a class=\"elementor-post__thumbnail__link\" href=\"https:\/\/origensciencerco.com\/en\/ensayos-clinicos-y-estudios-observacionales-como-origen-science-facilita-cada-etapa-del-proceso-2\/\" tabindex=\"-1\" target=\"_blank\"><div class=\"elementor-post__thumbnail\"><img decoding=\"async\" width=\"600\" height=\"400\" src=\"https:\/\/origensciencerco.com\/wp-content\/uploads\/2026\/02\/ChatGPT-Image-18-feb-2026-10_44_15-600x400.png\" class=\"attachment-medium size-medium wp-image-919\" alt=\"\" srcset=\"https:\/\/origensciencerco.com\/wp-content\/uploads\/2026\/02\/ChatGPT-Image-18-feb-2026-10_44_15-600x400.png 600w, https:\/\/origensciencerco.com\/wp-content\/uploads\/2026\/02\/ChatGPT-Image-18-feb-2026-10_44_15-1024x683.png 1024w, https:\/\/origensciencerco.com\/wp-content\/uploads\/2026\/02\/ChatGPT-Image-18-feb-2026-10_44_15-768x512.png 768w, https:\/\/origensciencerco.com\/wp-content\/uploads\/2026\/02\/ChatGPT-Image-18-feb-2026-10_44_15-18x12.png 18w, https:\/\/origensciencerco.com\/wp-content\/uploads\/2026\/02\/ChatGPT-Image-18-feb-2026-10_44_15.png 1536w\" sizes=\"(max-width: 600px) 100vw, 600px\" \/><\/div><\/a>\n\t\t\t\t<div class=\"elementor-post__badge\">Blog<\/div>\n\t\t\t\t<div class=\"elementor-post__text\">\n\t\t\t\t<h3 class=\"elementor-post__title\">\n\t\t\t<a href=\"https:\/\/origensciencerco.com\/en\/ensayos-clinicos-y-estudios-observacionales-como-origen-science-facilita-cada-etapa-del-proceso-2\/\" target=\"&quot;_blank&quot;\">\n\t\t\t\tAcompa\u00f1amiento cient\u00edfico especializado: m\u00e1s que suministro, respaldo t\u00e9cnico\t\t\t<\/a>\n\t\t<\/h3>\n\t\t\n\t\t<a class=\"elementor-post__read-more\" href=\"https:\/\/origensciencerco.com\/en\/ensayos-clinicos-y-estudios-observacionales-como-origen-science-facilita-cada-etapa-del-proceso-2\/\" aria-label=\"Read more about Acompa\u00f1amiento cient\u00edfico especializado: m\u00e1s que suministro, respaldo t\u00e9cnico\" tabindex=\"-1\" target=\"_blank\">\n\t\t\tVer m\u00e1s \u00bb\t\t<\/a>\n\n\t\t\t\t<\/div>\n\t\t\t\t<div class=\"elementor-post__meta-data\">\n\t\t\t\t\t<span class=\"elementor-post-date\">\n\t\t\tFebruary 9, 2026\t\t<\/span>\n\t\t\t\t<span class=\"elementor-post-avatar\">\n\t\t\tNo Comments\t\t<\/span>\n\t\t\t\t<\/div>\n\t\t\t\t\t<\/div>\n\t\t<\/article>\n\t\t\t\t<article class=\"elementor-post elementor-grid-item post-902 post type-post status-publish format-standard has-post-thumbnail hentry category-blog tag-acompanamiento-regulatorio tag-consultoria-cientifica tag-ensayos-clinicos tag-estudios-observacionales tag-investigacion-clinica tag-monitoreo-clinico tag-origen-science\" role=\"listitem\">\n\t\t\t<div class=\"elementor-post__card\">\n\t\t\t\t<a class=\"elementor-post__thumbnail__link\" href=\"https:\/\/origensciencerco.com\/en\/ensayos-clinicos-y-estudios-observacionales-como-origen-science-facilita-cada-etapa-del-proceso\/\" tabindex=\"-1\" target=\"_blank\"><div class=\"elementor-post__thumbnail\"><img decoding=\"async\" width=\"600\" height=\"600\" src=\"https:\/\/origensciencerco.com\/wp-content\/uploads\/2026\/01\/Destacada-web55-600x600.png\" class=\"attachment-medium size-medium wp-image-883\" alt=\"\" srcset=\"https:\/\/origensciencerco.com\/wp-content\/uploads\/2026\/01\/Destacada-web55-600x600.png 600w, https:\/\/origensciencerco.com\/wp-content\/uploads\/2026\/01\/Destacada-web55-1024x1024.png 1024w, https:\/\/origensciencerco.com\/wp-content\/uploads\/2026\/01\/Destacada-web55-300x300.png 300w, https:\/\/origensciencerco.com\/wp-content\/uploads\/2026\/01\/Destacada-web55-768x768.png 768w, https:\/\/origensciencerco.com\/wp-content\/uploads\/2026\/01\/Destacada-web55-12x12.png 12w, https:\/\/origensciencerco.com\/wp-content\/uploads\/2026\/01\/Destacada-web55.png 1080w\" sizes=\"(max-width: 600px) 100vw, 600px\" \/><\/div><\/a>\n\t\t\t\t<div class=\"elementor-post__badge\">Blog<\/div>\n\t\t\t\t<div class=\"elementor-post__text\">\n\t\t\t\t<h3 class=\"elementor-post__title\">\n\t\t\t<a href=\"https:\/\/origensciencerco.com\/en\/ensayos-clinicos-y-estudios-observacionales-como-origen-science-facilita-cada-etapa-del-proceso\/\" target=\"&quot;_blank&quot;\">\n\t\t\t\tEnsayos cl\u00ednicos y estudios observacionales: c\u00f3mo Origen Science facilita cada etapa del proceso\t\t\t<\/a>\n\t\t<\/h3>\n\t\t\n\t\t<a class=\"elementor-post__read-more\" href=\"https:\/\/origensciencerco.com\/en\/ensayos-clinicos-y-estudios-observacionales-como-origen-science-facilita-cada-etapa-del-proceso\/\" aria-label=\"Read more about Ensayos cl\u00ednicos y estudios observacionales: c\u00f3mo Origen Science facilita cada etapa del proceso\" tabindex=\"-1\" target=\"_blank\">\n\t\t\tVer m\u00e1s \u00bb\t\t<\/a>\n\n\t\t\t\t<\/div>\n\t\t\t\t<div class=\"elementor-post__meta-data\">\n\t\t\t\t\t<span class=\"elementor-post-date\">\n\t\t\tJanuary 1, 2026\t\t<\/span>\n\t\t\t\t<span class=\"elementor-post-avatar\">\n\t\t\tNo Comments\t\t<\/span>\n\t\t\t\t<\/div>\n\t\t\t\t\t<\/div>\n\t\t<\/article>\n\t\t\t\t<article class=\"elementor-post elementor-grid-item post-893 post type-post status-publish format-standard has-post-thumbnail hentry category-blog tag-acompanamiento-cientifico tag-estudios-clinicos tag-estudios-observacionales tag-investigacion-clinica tag-origen-science tag-servicios-cientificos-2026 tag-soluciones-cientificas tag-soporte-cientifico\" role=\"listitem\">\n\t\t\t<div class=\"elementor-post__card\">\n\t\t\t\t<a class=\"elementor-post__thumbnail__link\" href=\"https:\/\/origensciencerco.com\/en\/soluciones-cientificas-especializadas-del-diseno-del-estudio-al-acompanamiento-continuo\/\" tabindex=\"-1\" target=\"_blank\"><div class=\"elementor-post__thumbnail\"><img loading=\"lazy\" decoding=\"async\" width=\"600\" height=\"600\" src=\"https:\/\/origensciencerco.com\/wp-content\/uploads\/2026\/01\/Destacada-web-600x600.png\" class=\"attachment-medium size-medium wp-image-876\" alt=\"\" srcset=\"https:\/\/origensciencerco.com\/wp-content\/uploads\/2026\/01\/Destacada-web-600x600.png 600w, https:\/\/origensciencerco.com\/wp-content\/uploads\/2026\/01\/Destacada-web-1024x1024.png 1024w, https:\/\/origensciencerco.com\/wp-content\/uploads\/2026\/01\/Destacada-web-300x300.png 300w, https:\/\/origensciencerco.com\/wp-content\/uploads\/2026\/01\/Destacada-web-768x768.png 768w, https:\/\/origensciencerco.com\/wp-content\/uploads\/2026\/01\/Destacada-web-12x12.png 12w, https:\/\/origensciencerco.com\/wp-content\/uploads\/2026\/01\/Destacada-web.png 1080w\" sizes=\"(max-width: 600px) 100vw, 600px\" \/><\/div><\/a>\n\t\t\t\t<div class=\"elementor-post__badge\">Blog<\/div>\n\t\t\t\t<div class=\"elementor-post__text\">\n\t\t\t\t<h3 class=\"elementor-post__title\">\n\t\t\t<a href=\"https:\/\/origensciencerco.com\/en\/soluciones-cientificas-especializadas-del-diseno-del-estudio-al-acompanamiento-continuo\/\" target=\"&quot;_blank&quot;\">\n\t\t\t\tSoluciones cient\u00edficas especializadas: del dise\u00f1o del estudio al acompa\u00f1amiento continuo\t\t\t<\/a>\n\t\t<\/h3>\n\t\t\n\t\t<a class=\"elementor-post__read-more\" href=\"https:\/\/origensciencerco.com\/en\/soluciones-cientificas-especializadas-del-diseno-del-estudio-al-acompanamiento-continuo\/\" aria-label=\"Read more about Soluciones cient\u00edficas especializadas: del dise\u00f1o del estudio al acompa\u00f1amiento continuo\" tabindex=\"-1\" target=\"_blank\">\n\t\t\tVer m\u00e1s \u00bb\t\t<\/a>\n\n\t\t\t\t<\/div>\n\t\t\t\t<div class=\"elementor-post__meta-data\">\n\t\t\t\t\t<span class=\"elementor-post-date\">\n\t\t\tJanuary 1, 2026\t\t<\/span>\n\t\t\t\t<span class=\"elementor-post-avatar\">\n\t\t\tNo Comments\t\t<\/span>\n\t\t\t\t<\/div>\n\t\t\t\t\t<\/div>\n\t\t<\/article>\n\t\t\t\t<article class=\"elementor-post elementor-grid-item post-788 post type-post status-publish format-standard has-post-thumbnail hentry category-blog tag-accion-biologica tag-estudios-clinicos tag-irritacion-dermica tag-origen-science-rco tag-proteccion-cutanea tag-pruebas-obligatorias tag-registro-invima tag-repelentes tag-seguridad tag-toxicidad\" role=\"listitem\">\n\t\t\t<div class=\"elementor-post__card\">\n\t\t\t\t<a class=\"elementor-post__thumbnail__link\" href=\"https:\/\/origensciencerco.com\/en\/pruebas-de-seguridad-en-repelentes\/\" tabindex=\"-1\" target=\"_blank\"><div class=\"elementor-post__thumbnail\"><img loading=\"lazy\" decoding=\"async\" width=\"600\" height=\"600\" src=\"https:\/\/origensciencerco.com\/wp-content\/uploads\/2025\/05\/Destacada-web2-600x600.png\" class=\"attachment-medium size-medium wp-image-823\" alt=\"\" srcset=\"https:\/\/origensciencerco.com\/wp-content\/uploads\/2025\/05\/Destacada-web2-600x600.png 600w, https:\/\/origensciencerco.com\/wp-content\/uploads\/2025\/05\/Destacada-web2-1024x1024.png 1024w, https:\/\/origensciencerco.com\/wp-content\/uploads\/2025\/05\/Destacada-web2-300x300.png 300w, https:\/\/origensciencerco.com\/wp-content\/uploads\/2025\/05\/Destacada-web2-768x768.png 768w, https:\/\/origensciencerco.com\/wp-content\/uploads\/2025\/05\/Destacada-web2-12x12.png 12w, https:\/\/origensciencerco.com\/wp-content\/uploads\/2025\/05\/Destacada-web2.png 1080w\" sizes=\"(max-width: 600px) 100vw, 600px\" \/><\/div><\/a>\n\t\t\t\t<div class=\"elementor-post__badge\">Blog<\/div>\n\t\t\t\t<div class=\"elementor-post__text\">\n\t\t\t\t<h3 class=\"elementor-post__title\">\n\t\t\t<a href=\"https:\/\/origensciencerco.com\/en\/pruebas-de-seguridad-en-repelentes\/\" target=\"&quot;_blank&quot;\">\n\t\t\t\tPruebas de Seguridad en Repelentes\t\t\t<\/a>\n\t\t<\/h3>\n\t\t\n\t\t<a class=\"elementor-post__read-more\" href=\"https:\/\/origensciencerco.com\/en\/pruebas-de-seguridad-en-repelentes\/\" aria-label=\"Read more about Pruebas de Seguridad en Repelentes\" tabindex=\"-1\" target=\"_blank\">\n\t\t\tVer m\u00e1s \u00bb\t\t<\/a>\n\n\t\t\t\t<\/div>\n\t\t\t\t<div class=\"elementor-post__meta-data\">\n\t\t\t\t\t<span class=\"elementor-post-date\">\n\t\t\tMay 13, 2025\t\t<\/span>\n\t\t\t\t<span class=\"elementor-post-avatar\">\n\t\t\tNo Comments\t\t<\/span>\n\t\t\t\t<\/div>\n\t\t\t\t\t<\/div>\n\t\t<\/article>\n\t\t\t\t<article class=\"elementor-post elementor-grid-item post-775 post type-post status-publish format-standard has-post-thumbnail hentry category-blog\" role=\"listitem\">\n\t\t\t<div class=\"elementor-post__card\">\n\t\t\t\t<a class=\"elementor-post__thumbnail__link\" href=\"https:\/\/origensciencerco.com\/en\/pruebas-hipoalergenicas\/\" tabindex=\"-1\" target=\"_blank\"><div class=\"elementor-post__thumbnail\"><img loading=\"lazy\" decoding=\"async\" width=\"600\" height=\"600\" src=\"https:\/\/origensciencerco.com\/wp-content\/uploads\/2025\/05\/Destacada-webyu-600x600.png\" class=\"attachment-medium size-medium wp-image-827\" alt=\"\" srcset=\"https:\/\/origensciencerco.com\/wp-content\/uploads\/2025\/05\/Destacada-webyu-600x600.png 600w, https:\/\/origensciencerco.com\/wp-content\/uploads\/2025\/05\/Destacada-webyu-1024x1024.png 1024w, https:\/\/origensciencerco.com\/wp-content\/uploads\/2025\/05\/Destacada-webyu-300x300.png 300w, https:\/\/origensciencerco.com\/wp-content\/uploads\/2025\/05\/Destacada-webyu-768x768.png 768w, https:\/\/origensciencerco.com\/wp-content\/uploads\/2025\/05\/Destacada-webyu-12x12.png 12w, https:\/\/origensciencerco.com\/wp-content\/uploads\/2025\/05\/Destacada-webyu.png 1080w\" sizes=\"(max-width: 600px) 100vw, 600px\" \/><\/div><\/a>\n\t\t\t\t<div class=\"elementor-post__badge\">Blog<\/div>\n\t\t\t\t<div class=\"elementor-post__text\">\n\t\t\t\t<h3 class=\"elementor-post__title\">\n\t\t\t<a href=\"https:\/\/origensciencerco.com\/en\/pruebas-hipoalergenicas\/\" target=\"&quot;_blank&quot;\">\n\t\t\t\tPruebas Hipoalerg\u00e9nicas\t\t\t<\/a>\n\t\t<\/h3>\n\t\t\n\t\t<a class=\"elementor-post__read-more\" href=\"https:\/\/origensciencerco.com\/en\/pruebas-hipoalergenicas\/\" aria-label=\"Read more about Pruebas Hipoalerg\u00e9nicas\" tabindex=\"-1\" target=\"_blank\">\n\t\t\tVer m\u00e1s \u00bb\t\t<\/a>\n\n\t\t\t\t<\/div>\n\t\t\t\t<div class=\"elementor-post__meta-data\">\n\t\t\t\t\t<span class=\"elementor-post-date\">\n\t\t\tMay 12, 2025\t\t<\/span>\n\t\t\t\t<span class=\"elementor-post-avatar\">\n\t\t\tNo Comments\t\t<\/span>\n\t\t\t\t<\/div>\n\t\t\t\t\t<\/div>\n\t\t<\/article>\n\t\t\t\t<\/div>\n\t\t\n\t\t\t\t<div class=\"e-load-more-anchor\" data-page=\"1\" data-max-page=\"3\" data-next-page=\"https:\/\/origensciencerco.com\/en\/wp-json\/wp\/v2\/pages\/112\/page\/2\/\"><\/div>\n\t\t\t\t<nav class=\"elementor-pagination\" aria-label=\"Pagination\">\n\t\t\t<span aria-current=\"page\" class=\"page-numbers current\"><span class=\"elementor-screen-only\">Page<\/span>1<\/span>\n<a class=\"page-numbers\" href=\"https:\/\/origensciencerco.com\/en\/wp-json\/wp\/v2\/pages\/112\/page\/2\/\"><span class=\"elementor-screen-only\">Page<\/span>2<\/a>\n<a class=\"page-numbers\" href=\"https:\/\/origensciencerco.com\/en\/wp-json\/wp\/v2\/pages\/112\/page\/3\/\"><span class=\"elementor-screen-only\">Page<\/span>3<\/a>\t\t<\/nav>\n\t\t\t\t\t\t<\/div>\n\t\t\t\t<\/div>\n\t\t\t\t\t<\/div>\n\t\t<\/div>\n\t\t\t\t\t<\/div>\n\t\t<\/section>\n\t\t\t\t<\/div>","protected":false},"excerpt":{"rendered":"","protected":false},"author":1,"featured_media":0,"parent":0,"menu_order":0,"comment_status":"closed","ping_status":"closed","template":"elementor_header_footer","meta":{"om_disable_all_campaigns":false,"footnotes":""},"class_list":["post-112","page","type-page","status-publish","hentry"],"aioseo_notices":[],"_links":{"self":[{"href":"https:\/\/origensciencerco.com\/en\/wp-json\/wp\/v2\/pages\/112","targetHints":{"allow":["GET"]}}],"collection":[{"href":"https:\/\/origensciencerco.com\/en\/wp-json\/wp\/v2\/pages"}],"about":[{"href":"https:\/\/origensciencerco.com\/en\/wp-json\/wp\/v2\/types\/page"}],"author":[{"embeddable":true,"href":"https:\/\/origensciencerco.com\/en\/wp-json\/wp\/v2\/users\/1"}],"replies":[{"embeddable":true,"href":"https:\/\/origensciencerco.com\/en\/wp-json\/wp\/v2\/comments?post=112"}],"version-history":[{"count":34,"href":"https:\/\/origensciencerco.com\/en\/wp-json\/wp\/v2\/pages\/112\/revisions"}],"predecessor-version":[{"id":708,"href":"https:\/\/origensciencerco.com\/en\/wp-json\/wp\/v2\/pages\/112\/revisions\/708"}],"wp:attachment":[{"href":"https:\/\/origensciencerco.com\/en\/wp-json\/wp\/v2\/media?parent=112"}],"curies":[{"name":"wp","href":"https:\/\/api.w.org\/{rel}","templated":true}]}}