{"id":114,"date":"2023-10-22T06:04:44","date_gmt":"2023-10-22T11:04:44","guid":{"rendered":"https:\/\/origensciencerco.com\/?page_id=114"},"modified":"2023-11-01T11:30:38","modified_gmt":"2023-11-01T16:30:38","slug":"contacto","status":"publish","type":"page","link":"https:\/\/origensciencerco.com\/en\/contacto\/","title":{"rendered":"Contact"},"content":{"rendered":"<div data-elementor-type=\"wp-page\" data-elementor-id=\"114\" class=\"elementor elementor-114\" data-elementor-post-type=\"page\">\n\t\t\t\t\t\t<section class=\"elementor-section elementor-top-section elementor-element elementor-element-3441b33 elementor-section-boxed elementor-section-height-default elementor-section-height-default\" data-id=\"3441b33\" data-element_type=\"section\" data-e-type=\"section\">\n\t\t\t\t\t\t<div class=\"elementor-container elementor-column-gap-default\">\n\t\t\t\t\t<div class=\"elementor-column elementor-col-50 elementor-top-column elementor-element elementor-element-d4dca6d\" data-id=\"d4dca6d\" data-element_type=\"column\" data-e-type=\"column\">\n\t\t\t<div class=\"elementor-widget-wrap elementor-element-populated\">\n\t\t\t\t\t\t<div class=\"elementor-element elementor-element-41dd7af elementor-widget elementor-widget-heading\" data-id=\"41dd7af\" data-element_type=\"widget\" data-e-type=\"widget\" data-widget_type=\"heading.default\">\n\t\t\t\t<div class=\"elementor-widget-container\">\n\t\t\t\t\t<h2 class=\"elementor-heading-title elementor-size-default\">Contact us now<\/h2>\t\t\t\t<\/div>\n\t\t\t\t<\/div>\n\t\t\t\t<div class=\"elementor-element elementor-element-7ac6ce9 elementor-widget elementor-widget-shortcode\" data-id=\"7ac6ce9\" data-element_type=\"widget\" data-e-type=\"widget\" data-widget_type=\"shortcode.default\">\n\t\t\t\t<div class=\"elementor-widget-container\">\n\t\t\t\t\t\t\t<div class=\"elementor-shortcode\"><div class=\"forminator-ui forminator-custom-form forminator-custom-form-618 forminator-design--material  forminator_ajax\" data-forminator-render=\"0\" data-form=\"forminator-module-618\" data-uid=\"69e51468a2e30\"><br\/><\/div><form\n\t\t\t\tid=\"forminator-module-618\"\n\t\t\t\tclass=\"forminator-ui forminator-custom-form forminator-custom-form-618 forminator-design--material  forminator_ajax\"\n\t\t\t\tmethod=\"post\"\n\t\t\t\tdata-forminator-render=\"0\"\n\t\t\t\tdata-form-id=\"618\"\n\t\t\t\t data-color-option=\"default\" data-design=\"material\" data-grid=\"open\" style=\"display: none;\"\n\t\t\t\tdata-uid=\"69e51468a2e30\" action=\"\"\n\t\t\t><div role=\"alert\" aria-live=\"polite\" class=\"forminator-response-message forminator-error\" aria-hidden=\"true\"><\/div><div class=\"forminator-row\"><div id=\"name-1\" class=\"forminator-field-name forminator-col forminator-col-12\"><div class=\"forminator-row forminator-no-margin\" data-multiple=\"true\"><div class=\"forminator-col forminator-col-md-6\"><div class=\"forminator-field\"><label for=\"forminator-field-first-name-1_69e51468a2e30\" id=\"forminator-field-first-name-1_69e51468a2e30-label\" class=\"forminator-label\">Name <span class=\"forminator-required\">*<\/span><\/label><input type=\"text\" name=\"name-1-first-name\" placeholder=\"Example: John\" id=\"forminator-field-first-name-1_69e51468a2e30\" class=\"forminator-input\" aria-required=\"true\" data-multi=\"1\" autocomplete=\"given-name\" value=\"\" \/><\/div><\/div><div class=\"forminator-col forminator-col-md-6\"><div class=\"forminator-field\"><label for=\"forminator-field-middle-name-1_69e51468a2e30\" id=\"forminator-field-middle-name-1_69e51468a2e30-label\" class=\"forminator-label\">Middle Name<\/label><input type=\"text\" name=\"name-1-middle-name\" placeholder=\"Example: Alexander\" id=\"forminator-field-middle-name-1_69e51468a2e30\" class=\"forminator-input\" aria-required=\"false\" data-multi=\"1\" autocomplete=\"additional-name\" value=\"\" \/><\/div><\/div><div class=\"forminator-col forminator-col-md-6\"><div class=\"forminator-field\"><label for=\"forminator-field-last-name-1_69e51468a2e30\" id=\"forminator-field-last-name-1_69e51468a2e30-label\" class=\"forminator-label\">Last name <span class=\"forminator-required\">*<\/span><\/label><input type=\"text\" name=\"name-1-last-name\" placeholder=\"Example: Doe\" id=\"forminator-field-last-name-1_69e51468a2e30\" class=\"forminator-input\" aria-required=\"true\" data-multi=\"1\" autocomplete=\"family-name\" value=\"\" \/><\/div><\/div><\/div><\/div><\/div><div class=\"forminator-row\"><div id=\"phone-1\" class=\"forminator-field-phone forminator-col forminator-col-6\"><div class=\"forminator-field\"><label for=\"forminator-field-phone-1_69e51468a2e30\" id=\"forminator-field-phone-1_69e51468a2e30-label\" class=\"forminator-label\">Phone <span class=\"forminator-required\">*<\/span><\/label><input type=\"text\" name=\"phone-1\" value=\"\" placeholder=\"Example: +1 (000) 00000000\" id=\"forminator-field-phone-1_69e51468a2e30\" class=\"forminator-input forminator-field--phone\" data-required=\"1\" aria-required=\"true\" autocomplete=\"off\" \/><\/div><\/div><div id=\"email-1\" class=\"forminator-field-email forminator-col forminator-col-6\"><div class=\"forminator-field\"><label for=\"forminator-field-email-1_69e51468a2e30\" id=\"forminator-field-email-1_69e51468a2e30-label\" class=\"forminator-label\">Email address <span class=\"forminator-required\">*<\/span><\/label><input type=\"email\" name=\"email-1\" value=\"\" placeholder=\"Ex: john@doe.com\" id=\"forminator-field-email-1_69e51468a2e30\" class=\"forminator-input forminator-email--field\" data-required=\"1\" aria-required=\"true\" autocomplete=\"email\" \/><\/div><\/div><\/div><div class=\"forminator-row\"><div id=\"html-1\" class=\"forminator-field-html forminator-col forminator-col-12\"><div class=\"forminator-field forminator-merge-tags\" data-field=\"html-1\"><label class=\"forminator-label\">Services<\/label><\/div><\/div><\/div><div class=\"forminator-row\"><div id=\"checkbox-1\" class=\"forminator-field-checkbox forminator-col forminator-col-12\"><div role=\"group\" class=\"forminator-field\" aria-labelledby=\"forminator-checkbox-group-forminator-field-checkbox-1-69e51468a2e30-label\"><span id=\"forminator-checkbox-group-forminator-field-checkbox-1-69e51468a2e30-label\" class=\"forminator-label\">How can we help you?<\/span><label id=\"forminator-field-checkbox-1-1-69e51468a2e30-label\" for=\"forminator-field-checkbox-1-1-69e51468a2e30\" class=\"forminator-checkbox\" title=\"Design of clinical trials or observational studies\"><input type=\"checkbox\" name=\"checkbox-1[]\" value=\"one\" id=\"forminator-field-checkbox-1-1-69e51468a2e30\" aria-labelledby=\"forminator-field-checkbox-1-1-69e51468a2e30-label\" data-calculation=\"0\"   data-hidden-behavior=\"zero\" aria-describedby=\"forminator-field-checkbox-1-69e51468a2e30-description\"\/><span class=\"forminator-checkbox-box\" aria-hidden=\"true\"><\/span><span class=\"forminator-checkbox-label\">Design of clinical trials or observational studies<\/span><\/label><label id=\"forminator-field-checkbox-1-2-69e51468a2e30-label\" for=\"forminator-field-checkbox-1-2-69e51468a2e30\" class=\"forminator-checkbox\" title=\"Clinical trials or observational studies writing (Medical writing)\"><input type=\"checkbox\" name=\"checkbox-1[]\" value=\"two\" id=\"forminator-field-checkbox-1-2-69e51468a2e30\" aria-labelledby=\"forminator-field-checkbox-1-2-69e51468a2e30-label\" data-calculation=\"0\"   data-hidden-behavior=\"zero\" aria-describedby=\"forminator-field-checkbox-1-69e51468a2e30-description\"\/><span class=\"forminator-checkbox-box\" aria-hidden=\"true\"><\/span><span class=\"forminator-checkbox-label\">Clinical trials or observational studies writing (Medical writing)<\/span><\/label><label id=\"forminator-field-checkbox-1-3-69e51468a2e30-label\" for=\"forminator-field-checkbox-1-3-69e51468a2e30\" class=\"forminator-checkbox\" title=\"Advice and support on regulatory matters\"><input type=\"checkbox\" name=\"checkbox-1[]\" value=\"Revisi\u00f3n-de-proyectos-de-investigaci\u00f3n-redactados-en-ingl\u00e9s-que-deban-ser-presentados-ante-autoridades-de-especial-relevancia,-principalmente-aquellas-que-deban-competir-en-el-marco-de-convocatorias-europeas-o-internacionales.\" id=\"forminator-field-checkbox-1-3-69e51468a2e30\" aria-labelledby=\"forminator-field-checkbox-1-3-69e51468a2e30-label\" data-calculation=\"0\"   data-hidden-behavior=\"zero\" aria-describedby=\"forminator-field-checkbox-1-69e51468a2e30-description\"\/><span class=\"forminator-checkbox-box\" aria-hidden=\"true\"><\/span><span class=\"forminator-checkbox-label\">Advice and support on regulatory matters<\/span><\/label><label id=\"forminator-field-checkbox-1-4-69e51468a2e30-label\" for=\"forminator-field-checkbox-1-4-69e51468a2e30\" class=\"forminator-checkbox\" title=\"Solutions for research process management\"><input type=\"checkbox\" name=\"checkbox-1[]\" value=\"Soluciones-para-gesti\u00f3n-de-procesos-de-investigaci\u00f3n\" id=\"forminator-field-checkbox-1-4-69e51468a2e30\" aria-labelledby=\"forminator-field-checkbox-1-4-69e51468a2e30-label\" data-calculation=\"0\"   data-hidden-behavior=\"zero\" aria-describedby=\"forminator-field-checkbox-1-69e51468a2e30-description\"\/><span class=\"forminator-checkbox-box\" aria-hidden=\"true\"><\/span><span class=\"forminator-checkbox-label\">Solutions for research process management<\/span><\/label><label id=\"forminator-field-checkbox-1-5-69e51468a2e30-label\" for=\"forminator-field-checkbox-1-5-69e51468a2e30\" class=\"forminator-checkbox\" title=\"Clinical monitoring\"><input type=\"checkbox\" name=\"checkbox-1[]\" value=\"Monitoreo-cl\u00ednico\" id=\"forminator-field-checkbox-1-5-69e51468a2e30\" aria-labelledby=\"forminator-field-checkbox-1-5-69e51468a2e30-label\" data-calculation=\"0\"   data-hidden-behavior=\"zero\" aria-describedby=\"forminator-field-checkbox-1-69e51468a2e30-description\"\/><span class=\"forminator-checkbox-box\" aria-hidden=\"true\"><\/span><span class=\"forminator-checkbox-label\">Clinical monitoring<\/span><\/label><label id=\"forminator-field-checkbox-1-6-69e51468a2e30-label\" for=\"forminator-field-checkbox-1-6-69e51468a2e30\" class=\"forminator-checkbox\" title=\"Management of research centers\"><input type=\"checkbox\" name=\"checkbox-1[]\" value=\"Gesti\u00f3n-de-centros-de-investigaci\u00f3n\" id=\"forminator-field-checkbox-1-6-69e51468a2e30\" aria-labelledby=\"forminator-field-checkbox-1-6-69e51468a2e30-label\" data-calculation=\"0\"   data-hidden-behavior=\"zero\" aria-describedby=\"forminator-field-checkbox-1-69e51468a2e30-description\"\/><span class=\"forminator-checkbox-box\" aria-hidden=\"true\"><\/span><span class=\"forminator-checkbox-label\">Management of research centers<\/span><\/label><span id=\"forminator-field-checkbox-1-69e51468a2e30-description\" class=\"forminator-description\">Selecciona tu servicio<\/span><\/div><\/div><\/div><div class=\"forminator-row\"><div id=\"textarea-1\" class=\"forminator-field-textarea forminator-col forminator-col-12\"><div class=\"forminator-field\"><label for=\"forminator-field-textarea-1_69e51468a2e30\" id=\"forminator-field-textarea-1_69e51468a2e30-label\" class=\"forminator-label\">Mensaje<\/label><textarea name=\"textarea-1\" placeholder=\"Message\" id=\"forminator-field-textarea-1_69e51468a2e30\" class=\"forminator-textarea\" rows=\"6\" style=\"min-height:140px;\" ><\/textarea><\/div><\/div><\/div><input type=\"hidden\" name=\"referer_url\" value=\"\" \/><div class=\"forminator-row forminator-row-last\"><div class=\"forminator-col\"><div class=\"forminator-field\"><button class=\"forminator-button forminator-button-submit\"><span>Submit<\/span><span aria-hidden=\"true\"><\/span><\/button><\/div><\/div><\/div><input type=\"hidden\" id=\"forminator_nonce\" name=\"forminator_nonce\" value=\"b0ec87412e\" \/><input type=\"hidden\" name=\"_wp_http_referer\" value=\"\/en\/wp-json\/wp\/v2\/pages\/114\" \/><input type=\"hidden\" name=\"form_id\" value=\"618\"><input type=\"hidden\" name=\"page_id\" value=\"114\"><input type=\"hidden\" name=\"form_type\" value=\"default\"><input type=\"hidden\" name=\"current_url\" value=\"https:\/\/origensciencerco.com\/en\/contacto\/\"><input type=\"hidden\" name=\"render_id\" value=\"0\"><input type=\"hidden\" name=\"action\" value=\"forminator_submit_form_custom-forms\"><input type=\"hidden\" name=\"trp-form-language\" value=\"en\"\/><\/form><\/div>\n\t\t\t\t\t\t<\/div>\n\t\t\t\t<\/div>\n\t\t\t\t<div class=\"elementor-element elementor-element-533e753 elementor-widget elementor-widget-heading\" data-id=\"533e753\" data-element_type=\"widget\" data-e-type=\"widget\" data-widget_type=\"heading.default\">\n\t\t\t\t<div class=\"elementor-widget-container\">\n\t\t\t\t\t<h2 class=\"elementor-heading-title elementor-size-default\">Our location<\/h2>\t\t\t\t<\/div>\n\t\t\t\t<\/div>\n\t\t\t\t<div class=\"elementor-element elementor-element-88b58af elementor-widget elementor-widget-google_maps\" data-id=\"88b58af\" data-element_type=\"widget\" data-e-type=\"widget\" data-widget_type=\"google_maps.default\">\n\t\t\t\t<div class=\"elementor-widget-container\">\n\t\t\t\t\t\t\t<div class=\"elementor-custom-embed\">\n\t\t\t<iframe loading=\"lazy\"\n\t\t\t\t\tsrc=\"https:\/\/maps.google.com\/maps?q=centro%20de%20investigacion%20clinica%20cic&#038;t=m&#038;z=17&#038;output=embed&#038;iwloc=near\"\n\t\t\t\t\ttitle=\"centro de investigacion clinica cic\"\n\t\t\t\t\taria-label=\"centro de investigacion clinica cic\"\n\t\t\t><\/iframe>\n\t\t<\/div>\n\t\t\t\t\t\t<\/div>\n\t\t\t\t<\/div>\n\t\t\t\t\t<\/div>\n\t\t<\/div>\n\t\t\t\t<div class=\"elementor-column elementor-col-50 elementor-top-column elementor-element elementor-element-9cedfd0\" data-id=\"9cedfd0\" data-element_type=\"column\" data-e-type=\"column\">\n\t\t\t<div class=\"elementor-widget-wrap elementor-element-populated\">\n\t\t\t\t\t\t<div class=\"elementor-element elementor-element-d6d375e elementor-grid-1 elementor-posts--thumbnail-none elementor-grid-tablet-2 elementor-grid-mobile-1 elementor-card-shadow-yes elementor-posts__hover-gradient elementor-widget elementor-widget-global elementor-global-494 elementor-widget-posts\" data-id=\"d6d375e\" data-element_type=\"widget\" data-e-type=\"widget\" data-settings=\"{&quot;cards_columns&quot;:&quot;1&quot;,&quot;cards_row_gap&quot;:{&quot;unit&quot;:&quot;px&quot;,&quot;size&quot;:20,&quot;sizes&quot;:[]},&quot;cards_columns_tablet&quot;:&quot;2&quot;,&quot;cards_columns_mobile&quot;:&quot;1&quot;,&quot;cards_row_gap_widescreen&quot;:{&quot;unit&quot;:&quot;px&quot;,&quot;size&quot;:&quot;&quot;,&quot;sizes&quot;:[]},&quot;cards_row_gap_laptop&quot;:{&quot;unit&quot;:&quot;px&quot;,&quot;size&quot;:&quot;&quot;,&quot;sizes&quot;:[]},&quot;cards_row_gap_tablet&quot;:{&quot;unit&quot;:&quot;px&quot;,&quot;size&quot;:&quot;&quot;,&quot;sizes&quot;:[]},&quot;cards_row_gap_mobile&quot;:{&quot;unit&quot;:&quot;px&quot;,&quot;size&quot;:&quot;&quot;,&quot;sizes&quot;:[]}}\" data-widget_type=\"posts.cards\">\n\t\t\t\t<div class=\"elementor-widget-container\">\n\t\t\t\t\t\t\t<div class=\"elementor-posts-container elementor-posts elementor-posts--skin-cards elementor-grid\" role=\"list\">\n\t\t\t\t<article class=\"elementor-post elementor-grid-item post-183 service type-service status-publish has-post-thumbnail hentry\" role=\"listitem\">\n\t\t\t<div class=\"elementor-post__card\">\n\t\t\t\t<div class=\"elementor-post__text\">\n\t\t\t\t<h3 class=\"elementor-post__title\">\n\t\t\t<a href=\"https:\/\/origensciencerco.com\/en\/service\/diseno-de-ensayos-clinicos-o-de-estudios-observacionales\/\" >\n\t\t\t\tDesign of clinical trials or observational studies\t\t\t<\/a>\n\t\t<\/h3>\n\t\t\t\t<\/div>\n\t\t\t\t\t<\/div>\n\t\t<\/article>\n\t\t\t\t<article class=\"elementor-post elementor-grid-item post-198 service type-service status-publish has-post-thumbnail hentry\" role=\"listitem\">\n\t\t\t<div class=\"elementor-post__card\">\n\t\t\t\t<div class=\"elementor-post__text\">\n\t\t\t\t<h3 class=\"elementor-post__title\">\n\t\t\t<a href=\"https:\/\/origensciencerco.com\/en\/service\/escritura-de-ensayos-clinicos-o-de-estudios-observacionales\/\" >\n\t\t\t\tClinical trials or observational studies writing (Medical writing)\t\t\t<\/a>\n\t\t<\/h3>\n\t\t\t\t<\/div>\n\t\t\t\t\t<\/div>\n\t\t<\/article>\n\t\t\t\t<article class=\"elementor-post elementor-grid-item post-199 service type-service status-publish has-post-thumbnail hentry\" role=\"listitem\">\n\t\t\t<div class=\"elementor-post__card\">\n\t\t\t\t<div class=\"elementor-post__text\">\n\t\t\t\t<h3 class=\"elementor-post__title\">\n\t\t\t<a href=\"https:\/\/origensciencerco.com\/en\/service\/asesoria-y-acompanamiento-en-asuntos-regulatorios\/\" >\n\t\t\t\tAdvice and support on regulatory matters\t\t\t<\/a>\n\t\t<\/h3>\n\t\t\t\t<\/div>\n\t\t\t\t\t<\/div>\n\t\t<\/article>\n\t\t\t\t<article class=\"elementor-post elementor-grid-item post-200 service type-service status-publish has-post-thumbnail hentry\" role=\"listitem\">\n\t\t\t<div class=\"elementor-post__card\">\n\t\t\t\t<div class=\"elementor-post__text\">\n\t\t\t\t<h3 class=\"elementor-post__title\">\n\t\t\t<a href=\"https:\/\/origensciencerco.com\/en\/service\/soluciones-para-gestion-de-procesos-de-investigacion\/\" >\n\t\t\t\tSolutions for research process management\t\t\t<\/a>\n\t\t<\/h3>\n\t\t\t\t<\/div>\n\t\t\t\t\t<\/div>\n\t\t<\/article>\n\t\t\t\t<article class=\"elementor-post elementor-grid-item post-201 service type-service status-publish has-post-thumbnail hentry\" role=\"listitem\">\n\t\t\t<div class=\"elementor-post__card\">\n\t\t\t\t<div class=\"elementor-post__text\">\n\t\t\t\t<h3 class=\"elementor-post__title\">\n\t\t\t<a href=\"https:\/\/origensciencerco.com\/en\/service\/monitoreo-clinico\/\" >\n\t\t\t\tClinical monitoring\t\t\t<\/a>\n\t\t<\/h3>\n\t\t\t\t<\/div>\n\t\t\t\t\t<\/div>\n\t\t<\/article>\n\t\t\t\t<article class=\"elementor-post elementor-grid-item post-206 service type-service status-publish has-post-thumbnail hentry\" role=\"listitem\">\n\t\t\t<div class=\"elementor-post__card\">\n\t\t\t\t<div class=\"elementor-post__text\">\n\t\t\t\t<h3 class=\"elementor-post__title\">\n\t\t\t<a href=\"https:\/\/origensciencerco.com\/en\/service\/seguridad-clinica-farmacovigilancia\/\" >\n\t\t\t\tClinical safety \u2013 Pharmacovigilance\t\t\t<\/a>\n\t\t<\/h3>\n\t\t\t\t<\/div>\n\t\t\t\t\t<\/div>\n\t\t<\/article>\n\t\t\t\t<\/div>\n\t\t\n\t\t\t\t\t\t<\/div>\n\t\t\t\t<\/div>\n\t\t\t\t\t<\/div>\n\t\t<\/div>\n\t\t\t\t\t<\/div>\n\t\t<\/section>\n\t\t\t\t<\/div>","protected":false},"excerpt":{"rendered":"<p>Cont\u00e1ctanos a trav\u00e9s del formulario \u00bfC\u00f3mo llegar?<\/p>","protected":false},"author":1,"featured_media":0,"parent":0,"menu_order":0,"comment_status":"closed","ping_status":"closed","template":"elementor_theme","meta":{"om_disable_all_campaigns":false,"footnotes":""},"class_list":["post-114","page","type-page","status-publish","hentry"],"aioseo_notices":[],"_links":{"self":[{"href":"https:\/\/origensciencerco.com\/en\/wp-json\/wp\/v2\/pages\/114","targetHints":{"allow":["GET"]}}],"collection":[{"href":"https:\/\/origensciencerco.com\/en\/wp-json\/wp\/v2\/pages"}],"about":[{"href":"https:\/\/origensciencerco.com\/en\/wp-json\/wp\/v2\/types\/page"}],"author":[{"embeddable":true,"href":"https:\/\/origensciencerco.com\/en\/wp-json\/wp\/v2\/users\/1"}],"replies":[{"embeddable":true,"href":"https:\/\/origensciencerco.com\/en\/wp-json\/wp\/v2\/comments?post=114"}],"version-history":[{"count":7,"href":"https:\/\/origensciencerco.com\/en\/wp-json\/wp\/v2\/pages\/114\/revisions"}],"predecessor-version":[{"id":621,"href":"https:\/\/origensciencerco.com\/en\/wp-json\/wp\/v2\/pages\/114\/revisions\/621"}],"wp:attachment":[{"href":"https:\/\/origensciencerco.com\/en\/wp-json\/wp\/v2\/media?parent=114"}],"curies":[{"name":"wp","href":"https:\/\/api.w.org\/{rel}","templated":true}]}}